{"id":289,"date":"2025-03-04T07:53:32","date_gmt":"2025-03-04T07:53:32","guid":{"rendered":"https:\/\/remake3d.uniza.sk\/?page_id=289"},"modified":"2025-03-04T08:06:01","modified_gmt":"2025-03-04T08:06:01","slug":"iqservices-s-r-o","status":"publish","type":"page","link":"https:\/\/remake3d.uniza.sk\/iqservices-s-r-o\/","title":{"rendered":"iQservices, s.r.o."},"content":{"rendered":"\n<h2 class=\"wp-block-heading\">iQservices, s.r.o.<\/h2>\n\n\n\n<figure class=\"wp-block-image size-full\"><img loading=\"lazy\" decoding=\"async\" width=\"1200\" height=\"341\" src=\"https:\/\/i0.wp.com\/remake3d.uniza.sk\/wp-content\/uploads\/2025\/03\/iqservices_logo.png?resize=1200%2C341&#038;ssl=1\" alt=\"\" class=\"wp-image-287\" srcset=\"https:\/\/i0.wp.com\/remake3d.uniza.sk\/wp-content\/uploads\/2025\/03\/iqservices_logo.png?w=2392&amp;ssl=1 2392w, https:\/\/i0.wp.com\/remake3d.uniza.sk\/wp-content\/uploads\/2025\/03\/iqservices_logo.png?resize=300%2C85&amp;ssl=1 300w, https:\/\/i0.wp.com\/remake3d.uniza.sk\/wp-content\/uploads\/2025\/03\/iqservices_logo.png?resize=1024%2C291&amp;ssl=1 1024w, https:\/\/i0.wp.com\/remake3d.uniza.sk\/wp-content\/uploads\/2025\/03\/iqservices_logo.png?resize=768%2C218&amp;ssl=1 768w, https:\/\/i0.wp.com\/remake3d.uniza.sk\/wp-content\/uploads\/2025\/03\/iqservices_logo.png?resize=1536%2C437&amp;ssl=1 1536w, https:\/\/i0.wp.com\/remake3d.uniza.sk\/wp-content\/uploads\/2025\/03\/iqservices_logo.png?resize=2048%2C582&amp;ssl=1 2048w\" sizes=\"(max-width: 1200px) 100vw, 1200px\" data-recalc-dims=\"1\" \/><\/figure>\n\n\n\n<p class=\"is-style-default\">iQservices, s.r.o. je spolo\u010dnos\u0165 zlo\u017een\u00e1 z odborn\u00edkov, ktor\u00ed sa u\u017e od roku 2002 zaoberaj\u00fa laserov\u00fdm skenovan\u00edm, poradenstvom a v\u00fdskumom v oblasti laserov\u00e9ho skenovania a spracovania mra\u010dna bodov do podoby 2D v\u00fdkresovej dokument\u00e1cie resp. 3D CAD modelov v oblasti priemyslu architekt\u00fary a kult\u00fary. iQservices s.r.o. je jednou z m\u00e1la firiem nielen na Slovensku ale i vo svete, ktor\u00e1 sa zaober\u00e1 technol\u00f3giou 3D laserov\u00e9ho skenovania. Hlavn\u00fdm zameran\u00edm spolo\u010dnosti je spracovanie nameran\u00fdch d\u00e1t z laserov\u00fdch skenerov, tvorba CAD modelov a n\u00e1sledn\u00e9 analyzovanie, pl\u00e1novanie a zlep\u0161ovanie procesov.<\/p>\n","protected":false},"excerpt":{"rendered":"<div class=\"entry-summary\">\n<div class=\"entry-summary\">\niQservices, s.r.o. iQservices, s.r.o. je spolo\u010dnos\u0165 zlo\u017een\u00e1 z odborn\u00edkov, ktor\u00ed sa u\u017e od roku 2002 zaoberaj\u00fa laserov\u00fdm skenovan\u00edm, poradenstvom a v\u00fdskumom v oblasti laserov\u00e9ho skenovania a spracovania mra\u010dna bodov do podoby 2D v\u00fdkresovej dokument\u00e1cie resp. 3D CAD modelov v oblasti&hellip;\n<\/div>\n<div class=\"link-more\"><a href=\"https:\/\/remake3d.uniza.sk\/iqservices-s-r-o\/\" class=\"more-link\">Continue reading<span class=\"screen-reader-text\"> &ldquo;iQservices, s.r.o.&rdquo;<\/span>&hellip;<\/a><\/div>\n<\/div>\n<div class=\"link-more\"><a href=\"https:\/\/remake3d.uniza.sk\/iqservices-s-r-o\/\" class=\"more-link\">Continue reading<span class=\"screen-reader-text\"> &ldquo;iQservices, s.r.o.&rdquo;<\/span>&hellip;<\/a><\/div>\n","protected":false},"author":1,"featured_media":0,"parent":0,"menu_order":0,"comment_status":"closed","ping_status":"closed","template":"templates\/no-intro.php","meta":{"footnotes":""},"acf":[],"aioseo_notices":[],"jetpack_sharing_enabled":true,"_links":{"self":[{"href":"https:\/\/remake3d.uniza.sk\/wp-json\/wp\/v2\/pages\/289"}],"collection":[{"href":"https:\/\/remake3d.uniza.sk\/wp-json\/wp\/v2\/pages"}],"about":[{"href":"https:\/\/remake3d.uniza.sk\/wp-json\/wp\/v2\/types\/page"}],"author":[{"embeddable":true,"href":"https:\/\/remake3d.uniza.sk\/wp-json\/wp\/v2\/users\/1"}],"replies":[{"embeddable":true,"href":"https:\/\/remake3d.uniza.sk\/wp-json\/wp\/v2\/comments?post=289"}],"version-history":[{"count":2,"href":"https:\/\/remake3d.uniza.sk\/wp-json\/wp\/v2\/pages\/289\/revisions"}],"predecessor-version":[{"id":293,"href":"https:\/\/remake3d.uniza.sk\/wp-json\/wp\/v2\/pages\/289\/revisions\/293"}],"wp:attachment":[{"href":"https:\/\/remake3d.uniza.sk\/wp-json\/wp\/v2\/media?parent=289"}],"curies":[{"name":"wp","href":"https:\/\/api.w.org\/{rel}","templated":true}]}}