{"id":216,"date":"2023-11-12T14:42:55","date_gmt":"2023-11-12T14:42:55","guid":{"rendered":"https:\/\/remake3d.fri.uniza.sk\/?page_id=216"},"modified":"2025-03-04T08:26:52","modified_gmt":"2025-03-04T08:26:52","slug":"konzorcium","status":"publish","type":"page","link":"https:\/\/remake3d.uniza.sk\/konzorcium\/","title":{"rendered":"Consortium"},"content":{"rendered":"\r\n<h2 class=\"wp-block-heading\">Consortium<\/h2>\r\n\r\n\r\n\r\n\r\n<strong><em><b><i>Project coordinator: <\/i><\/b><\/em><\/strong>prof. Ing. Prof. Zden\u011bk Dvo\u0159\u00e1k, Ph.D. University of \u017dilina, Faculty of Safety Engineering\r\n\r\n\r\n\r\n\r\n\r\n<strong><em><b><i>Partners<\/i><\/b><\/em><\/strong><strong>:<\/strong>\r\n\r\n\r\n\r\n\r\n\r\nUniversity of Zilina:\r\n\r\n\r\n\r\n\r\n<ul>\r\n \t<li style=\"list-style-type: none;\">\r\n<ul>\r\n \t<li><strong><b>Faculty of Security Engineering<\/b><\/strong>&nbsp;&#8211; Department of Security Management<\/li>\r\n<\/ul>\r\n<\/li>\r\n<\/ul>\r\n\r\n\r\n\r\n<ul>\r\n \t<li style=\"list-style-type: none;\">\r\n<ul>\r\n \t<li><strong><b>Faculty of Civil Engineering<\/b><\/strong>&nbsp;&#8211; Department of Structures and Bridges, Department of Geodesy, Department of Structural Mechanics and Applied Mathematics<\/li>\r\n<\/ul>\r\n<\/li>\r\n<\/ul>\r\n\r\n\r\n\r\n<ul>\r\n \t<li style=\"list-style-type: none;\">\r\n<ul>\r\n \t<li><strong><b>Faculty of Management and Informatics <\/b><\/strong>&#8211; Department of Informatics<\/li>\r\n<\/ul>\r\n<\/li>\r\n<\/ul>\r\n\r\n\r\n\r\n\r\n\r\n\r\n<strong><em>End &#8211; user: <\/em><\/strong><em><i>Road administration of Tren\u010d\u00edn region<\/i><\/em>\r\n\r\n","protected":false},"excerpt":{"rendered":"<div class=\"entry-summary\">\n<div class=\"entry-summary\">\nConsortium Project coordinator: prof. Ing. Prof. Zden\u011bk Dvo\u0159\u00e1k, Ph.D. University of \u017dilina, Faculty of Safety Engineering Partners: University of Zilina: Faculty of Security Engineering&nbsp;&#8211; Department of Security Management Faculty of Civil Engineering&nbsp;&#8211; Department of Structures and Bridges, Department of Geodesy,&hellip;\n<\/div>\n<div class=\"link-more\"><a href=\"https:\/\/remake3d.uniza.sk\/konzorcium\/\" class=\"more-link\">Continue reading<span class=\"screen-reader-text\"> &ldquo;Consortium&rdquo;<\/span>&hellip;<\/a><\/div>\n<\/div>\n<div class=\"link-more\"><a href=\"https:\/\/remake3d.uniza.sk\/konzorcium\/\" class=\"more-link\">Continue reading<span class=\"screen-reader-text\"> &ldquo;Consortium&rdquo;<\/span>&hellip;<\/a><\/div>\n","protected":false},"author":1,"featured_media":0,"parent":0,"menu_order":0,"comment_status":"closed","ping_status":"closed","template":"templates\/no-intro.php","meta":{"footnotes":""},"acf":[],"aioseo_notices":[],"jetpack_sharing_enabled":true,"_links":{"self":[{"href":"https:\/\/remake3d.uniza.sk\/wp-json\/wp\/v2\/pages\/216"}],"collection":[{"href":"https:\/\/remake3d.uniza.sk\/wp-json\/wp\/v2\/pages"}],"about":[{"href":"https:\/\/remake3d.uniza.sk\/wp-json\/wp\/v2\/types\/page"}],"author":[{"embeddable":true,"href":"https:\/\/remake3d.uniza.sk\/wp-json\/wp\/v2\/users\/1"}],"replies":[{"embeddable":true,"href":"https:\/\/remake3d.uniza.sk\/wp-json\/wp\/v2\/comments?post=216"}],"version-history":[{"count":4,"href":"https:\/\/remake3d.uniza.sk\/wp-json\/wp\/v2\/pages\/216\/revisions"}],"predecessor-version":[{"id":301,"href":"https:\/\/remake3d.uniza.sk\/wp-json\/wp\/v2\/pages\/216\/revisions\/301"}],"wp:attachment":[{"href":"https:\/\/remake3d.uniza.sk\/wp-json\/wp\/v2\/media?parent=216"}],"curies":[{"name":"wp","href":"https:\/\/api.w.org\/{rel}","templated":true}]}}